{"id":2147,"date":"2017-04-26T10:22:53","date_gmt":"2017-04-26T10:22:53","guid":{"rendered":"http:\/\/mascotel.com.mx\/?page_id=2147"},"modified":"2023-12-14T22:20:54","modified_gmt":"2023-12-14T22:20:54","slug":"testimonios","status":"publish","type":"page","link":"https:\/\/mascotel.com.mx\/en\/testimonios\/","title":{"rendered":"Testimonios"},"content":{"rendered":"<p><div class=\"fw-main-row id-f9a3eb5c181391f35a3d79dc414a7e84\"   >\n\t\t<div class=\"fw-container\">\n\t\t<div class=\"fw-row\">\n\t\n<div class=\"col-md-5 col-lg-5 has-img-custom\"  >\n    <div class=\"seo-media-images\">\n<img src=\"https:\/\/mascotel.com.mx\/wp-content\/uploads\/2018\/07\/Mascotel-perros-hotel-guarderia-campestre-mascotas-2-458x740.jpg\" alt=\"https:\/\/mascotel.com.mx\/wp-content\/uploads\/2018\/07\/Mascotel-perros-hotel-guarderia-campestre-mascotas-2-458x740.jpg\" width=\"458\" height=\"740\" \/><\/div>\n\n\t<div class=\"fw-divider-space\" style=\"margin-top: 60px;\"><\/div>\n<\/div>\n\n<div class=\"col-md-7 col-lg-7\"  >\n    <div class=\"ht-heading\">\n\t\t<h3 class='ht-heading-title text-left id-84fd000afc2c3e71be3f1f3b215accc9 ht-heading-line-off'>Clientes felices y satisfechos<\/h3><\/div>\n<p align=\"justify\">En Mascotel, hotel y guarder\u00eda canina y para gatos, hemos atendido a cientos de clientes desde 2004 y estamos infinitamente agradecidos por su confianza a lo largo de tantos a\u00f1os. Generaciones han pasado, a muchos los recibimos desde cachorros hasta su adultez, algunos ya no est\u00e1n con nosotros, y en todo este tiempo cada uno de ellos ha sido especial para nosotros. Verlos crecer, jugar, divertirse, aprender a socializar, hacer amigos y disfrutar cada estancia en Mascotel es nuestra motivaci\u00f3n para darles cada d\u00eda todo nuestro cari\u00f1o y cuidado profesional.<br \/>Estamos tan agradecidos de poder contribuir a la felicidad y tranquilidad de las familias para que puedan salir de viaje o atender cualquier asunto de importancia que les impide cuidar a sus mascotas.<\/p><div class=\"alert alert-success\"><p><span style=\"color: #3c763d;\">Aqu\u00ed compartimos s\u00f3lo algunos de los comentarios de nuestros queridos amigos, miembros de la manada Mascotel: <\/span><\/p><\/div><div class=\"ht-heading\">\n\t\t<h3 class='ht-heading-title text-left id-15ae3a498e8cae21ef1070f18924ad92 ht-heading-line-off'>\u00bfDeseas Reservar? <\/h3><\/div>\n\n<div id=\"ht-btn-a536ad21ef7a1e9ff6296f25d3ca3700\" class=\"box-button flw\">\n\t<a target=\"_blank\" href=\"https:\/\/wa.me\/524433364736\" class=\"ht-btn btn\">\n\t\tWhatsapp\t<\/a>\n<\/div>\n\n\t<div class=\"fw-divider-space\" style=\"margin-top: 60px;\"><\/div>\n<\/div>\n<\/div>\n\n\t<\/div>\n<\/div>\n<div class=\"fw-main-row id-99aaeb491fa09725b5ede7dd28af189a\"   >\n\t\t<div class=\"fw-container\">\n\t\t<div class=\"fw-row\">\n\t\n<div class=\"fw-col-xs-12\"  >\n    <div id=\"owl-reviews\">\n\t\t\t<div class=\"review\">\n     \t\t<div class=\"review-caption\">\n\t            <h5 class=\"testi-name\">Vii WanKenobi<\/h5>\n\t            <h6 class=\"testi-posi\">Dog Lover<\/h6>\n\t            <blockquote>Kylo y Kira mis dos perritos que llev\u00e9 durante casi una semana y en las cuales estuvieron muy bien. Cuando llegamos por ellos se miraban muy contentos, llegaron muy cansados a la casa directo a dormir.<\/blockquote>\n         \t<\/div>\n         \t<div class=\"review-profile-image\">\n            \t<img src=\"https:\/\/mascotel.com.mx\/wp-content\/uploads\/2017\/04\/testi1.jpg\" alt=\"Testimonial image\">\n         \t<\/div>\n      \t<\/div>\n\t\t\t<div class=\"review\">\n     \t\t<div class=\"review-caption\">\n\t            <h5 class=\"testi-name\">\u00d3scar Vel\u00e1zquez<\/h5>\n\t            <h6 class=\"testi-posi\">Dog Lover<\/h6>\n\t            <blockquote>Mi mascota Fiona qued\u00f3 contenta con el servicio que ofrece Mascotel, donde tuvo la oportunidad de convivir con los cuidadores y otros perritos. Me encanto, muy recomendable! Volver\u00e9 a traer a mi perrita. Gracias.<\/blockquote>\n         \t<\/div>\n         \t<div class=\"review-profile-image\">\n            \t<img src=\"https:\/\/mascotel.com.mx\/wp-content\/uploads\/2017\/04\/testi5.jpg\" alt=\"Testimonial image\">\n         \t<\/div>\n      \t<\/div>\n\t\t\t<div class=\"review\">\n     \t\t<div class=\"review-caption\">\n\t            <h5 class=\"testi-name\">Claudia Sent\u00edes<\/h5>\n\t            <h6 class=\"testi-posi\">Dog Lover<\/h6>\n\t            <blockquote>Yo estoy encantada con este lugar. Yo he llevado a mi perro Bruno desde el 2009 y siempre regresa muy bien. Cansado porque juega con otros perros. Yo recomiendo ampliamente este lugar. Volver\u00eda traer a mi perro sin problemas.<\/blockquote>\n         \t<\/div>\n         \t<div class=\"review-profile-image\">\n            \t<img src=\"https:\/\/mascotel.com.mx\/wp-content\/uploads\/2017\/04\/testi4.jpg\" alt=\"Testimonial image\">\n         \t<\/div>\n      \t<\/div>\n\t\t\t<div class=\"review\">\n     \t\t<div class=\"review-caption\">\n\t            <h5 class=\"testi-name\">Eva Ledesma<\/h5>\n\t            <h6 class=\"testi-posi\">Dog Lover<\/h6>\n\t            <blockquote>Mi perrito Franky llego a casa muy tranquilo, en perfectas condiciones, con buen peso y sin pulgas. He tenido otras experiencias en otros centros y mi bb llegaba triste y temeroso, nada que ver con estas 3 semanas de vacaciones.<\/blockquote>\n         \t<\/div>\n         \t<div class=\"review-profile-image\">\n            \t<img src=\"https:\/\/mascotel.com.mx\/wp-content\/uploads\/2017\/04\/testi3.jpg\" alt=\"Testimonial image\">\n         \t<\/div>\n      \t<\/div>\n\t\t\t<div class=\"review\">\n     \t\t<div class=\"review-caption\">\n\t            <h5 class=\"testi-name\">MardelSol Hern\u00e1ndez<\/h5>\n\t            <h6 class=\"testi-posi\">Dog Lover<\/h6>\n\t            <blockquote><font color=\"e9345c\"> Es la primera vez que llevo a mi perro. Estuvo un par de semanas y lo han cuidado de maravilla. Regres\u00f3 cansado de tanto jugar. Han subido muchas fotos de su estancia y eso es mejor que llamar para preguntar por \u00e9l. <\/font><\/blockquote>\n         \t<\/div>\n         \t<div class=\"review-profile-image\">\n            \t<img src=\"https:\/\/mascotel.com.mx\/wp-content\/uploads\/2017\/04\/testi2.jpg\" alt=\"Testimonial image\">\n         \t<\/div>\n      \t<\/div>\n\t<\/div><\/div>\n<\/div>\n\n<div class=\"fw-row\">\n\t\n<div class=\"col-md-3 col-lg-3\"  >\n    <\/div>\n\n<div class=\"col-md-6 col-lg-6\"  >\n    <div class=\"ht-heading\">\n\t\t<h3 class='ht-heading-title text-center id-34d79c6286bcbfc22caa43ecba971963 ht-heading-line-on'>Conoce m\u00e1s testimonios de clientes satisfechos<\/h3><\/div>\n<\/div>\n\n<div class=\"col-md-3 col-lg-3\"  >\n    <\/div>\n<\/div>\n\n<div class=\"fw-row\">\n\t\n<div class=\"col-md-5 col-lg-5\"  >\n    <\/div>\n\n<div class=\"col-md-3 col-lg-3\"  >\n    \n<div id=\"ht-btn-4248d548024f9bb0290f924442e85738\" class=\"box-button flw\">\n\t<a target=\"_blank\" href=\"http:\/\/mascotel.com.mx\/en\/testimonios2\/\" class=\"ht-btn btn\">\n\t\t<i class=\"ht-btn-icon\"><\/i>Ver m\u00e1s\t<\/a>\n<\/div>\n<\/div>\n\n<div class=\"col-md-4 col-lg-4\"  >\n    <\/div>\n<\/div>\n\n<div class=\"fw-row\">\n\t\n<div class=\"fw-col-xs-12\"  >\n    \n\t<div class=\"fw-divider-space\" style=\"margin-top: 100px;\"><\/div>\n<\/div>\n<\/div>\n\n\t<\/div>\n<\/div>\n<\/p>","protected":false},"excerpt":{"rendered":"<p>Clientes felices y satisfechos En Mascotel, hotel y guarder\u00eda canina y para gatos, hemos atendido a cientos de clientes desde 2004 y estamos infinitamente agradecidos por su confianza a lo largo de tantos a\u00f1os. Generaciones han pasado, a muchos los recibimos desde cachorros hasta su adultez, algunos ya no est\u00e1n con nosotros, y en todo&#8230;<\/p>","protected":false},"author":1,"featured_media":0,"parent":0,"menu_order":0,"comment_status":"closed","ping_status":"closed","template":"","meta":[],"_links":{"self":[{"href":"https:\/\/mascotel.com.mx\/en\/wp-json\/wp\/v2\/pages\/2147"}],"collection":[{"href":"https:\/\/mascotel.com.mx\/en\/wp-json\/wp\/v2\/pages"}],"about":[{"href":"https:\/\/mascotel.com.mx\/en\/wp-json\/wp\/v2\/types\/page"}],"author":[{"embeddable":true,"href":"https:\/\/mascotel.com.mx\/en\/wp-json\/wp\/v2\/users\/1"}],"replies":[{"embeddable":true,"href":"https:\/\/mascotel.com.mx\/en\/wp-json\/wp\/v2\/comments?post=2147"}],"version-history":[{"count":66,"href":"https:\/\/mascotel.com.mx\/en\/wp-json\/wp\/v2\/pages\/2147\/revisions"}],"predecessor-version":[{"id":3751,"href":"https:\/\/mascotel.com.mx\/en\/wp-json\/wp\/v2\/pages\/2147\/revisions\/3751"}],"wp:attachment":[{"href":"https:\/\/mascotel.com.mx\/en\/wp-json\/wp\/v2\/media?parent=2147"}],"curies":[{"name":"wp","href":"https:\/\/api.w.org\/{rel}","templated":true}]}}