{"id":3452,"date":"2018-07-04T16:23:50","date_gmt":"2018-07-04T16:23:50","guid":{"rendered":"http:\/\/mascotel.com.mx\/?page_id=3452"},"modified":"2018-07-12T17:37:18","modified_gmt":"2018-07-12T17:37:18","slug":"testimonios2","status":"publish","type":"page","link":"http:\/\/mascotel.com.mx\/en\/testimonios2\/","title":{"rendered":"Testimonios"},"content":{"rendered":"<p><div class=\"fw-main-row id-ec783d6e0590de5c61429ff6d2481199\"   >\n\t\t<div class=\"fw-container\">\n\t\t<div class=\"fw-row\">\n\t\n<div class=\"fw-col-xs-12\"  >\n    <div class=\"ht-heading\">\n\t\t<h3 class='ht-heading-title text-center id-84fd000afc2c3e71be3f1f3b215accc9 ht-heading-line-on'>Clientes felices y satisfechos<\/h3><\/div>\n<div class=\"alert alert-success\"><p style=\"text-align: center;\"><span style=\"color: #3c763d;\">Me encanta el concepto y me arrepiento de no haberlo conocido antes porque tuve que dejarla un par de veces en otra pensi\u00f3n donde por su estado de \u00e1nimo parec\u00eda que no la hab\u00edan cuidado de hecho la primera vez que la lleve a Mascotel ella iba con miedo pero despu\u00e9s de la segunda ya ni me hace caso cuando llegamos solo quiere ir a jugar y disfrutar. Juan Bosco, Haru <\/span><\/p><\/div><div class=\"alert alert-success\"><p style=\"text-align: center;\"><span style=\"color: #3c763d;\">Tratan muy bien a mis hijos peludos, adem\u00e1s regresan felices, el servicio nos parece genial. \u00a1Felicidade por su aniversario, que vengan muchos m\u00e1s! Gladys Jim\u00e9nez, Kira &amp; Chakotay<br \/><\/span><\/p><\/div><div class=\"alert alert-success\"><p style=\"text-align: center;\"><span style=\"color: #3c763d;\">A mis perros adem\u00e1s les encanta ir. Cuando saben que llegan se vuelven locos de felicidad. Carlo Tenorio, Kiba, Niska &amp; Charly<br \/><\/span><\/p><\/div><div class=\"alert alert-success\"><p style=\"text-align: center;\"><span style=\"color: #3c763d;\">Creo que es el mejor lugar el Morelia. Liliana, Cari\u00f1o<br \/><\/span><\/p><\/div><div class=\"alert alert-success\"><p style=\"text-align: center;\"><span style=\"color: #3c763d;\">Lo que m\u00e1s me gusta de Mascotel es que no est\u00e1n encerrados en espacios peque\u00f1os y pueden convivir con mas perros en espacio abierto para que corran. Isela Casillas, Neska &amp; Yeika<br \/><\/span><\/p><\/div><div class=\"alert alert-success\"><p style=\"text-align: center;\"><span style=\"color: #3c763d;\">Nieve es muy feliz en el Mascotel y a todos nos gusta. Gordon Godfry, Nieve<br \/><\/span><\/p><\/div><div class=\"alert alert-success\"><p style=\"text-align: center;\"><span style=\"color: #3c763d;\">Despu\u00e9s de una mala experiencia en otra pensi\u00f3n, supieron darme tranquilidad, recibirme con paciencia y mostrarme todo el lugar. A mis chicos lo que m\u00e1s les gusta es ir, ya que regresaron contentos, cansados y llenos de experiencias. Mis felicitaciones por la atenci\u00f3n que brindan y los cuidados a nuestras mascotas. El lugar est\u00e1 muy bien mantenido y limpio, lo cual impresiona positivamente. Agustina Larra\u00f1aga, Iba &amp; Chiquito<br \/><\/span><\/p><\/div><div class=\"alert alert-success\"><p style=\"text-align: center;\"><span style=\"color: #3c763d;\">Lo que m\u00e1s me gusta de Mascotel es el cari\u00f1o con que los tratan. Ameyali, Lucas<br \/><\/span><\/p><\/div><div class=\"alert alert-success\"><p style=\"text-align: center;\"><span style=\"color: #3c763d;\">Me gusta el cuidado y cari\u00f1o que tienen hacia nuestras mascotas. Jos\u00e9 Luis, Happy, Mowgli &amp; Lyla.<br \/><\/span><\/p><\/div><div class=\"alert alert-success\"><p style=\"text-align: center;\"><span style=\"color: #3c763d;\">No los tienen en jaulas como en otros lugares, hay espacios muy amplios para que puedan correr y jugar con otros perros. Son como vacaciones para ellos tambi\u00e9n. Llegan cansad\u00edsimos<br \/><\/span><\/p><\/div><div class=\"alert alert-success\"><p style=\"text-align: center;\"><span style=\"color: #3c763d;\">\u00a1Felicidades! A Yago le encanta Mascotel. Nubia, Yago<br \/><\/span><\/p><\/div><div class=\"alert alert-success\"><p style=\"text-align: center;\"><span style=\"color: #3c763d;\">Ya van al menos 10 veces que Loky es hu\u00e9sped y siempre ha sido bien cuidado y sale encantado! Mi experiencia es muy grata y les invito a seguir as\u00ed.<br \/><\/span><\/p><\/div><div class=\"alert alert-success\"><p style=\"text-align: center;\"><span style=\"color: #3c763d;\">Es un lugar excelente. Me encanta que tienen mucho espacio y el buen trato que les dan a nuestras mascotas perros y gatitos tambi\u00e9n<br \/><\/span><\/p><\/div><div class=\"alert alert-success\"><p style=\"text-align: center;\"><span style=\"color: #3c763d;\">Mi kaiser regreso feliz!!!<br \/>Servicio totalmente recomendable!!!<br \/><\/span><\/p><\/div><div class=\"alert alert-success\"><p style=\"text-align: center;\"><span style=\"color: #3c763d;\">Un estupendo servicio...<br \/>Un estupendo lugar para dejar en buenas manos a nuestros peludos.<br \/>Recomendad\u00edsimo<br \/><\/span><\/p><\/div><div class=\"alert alert-success\"><p style=\"text-align: center;\"><span style=\"color: #3c763d;\">Excelente hotel, Cuca y Martina regresaron felices. 100% recomendable.<br \/>Sin duda se quedar\u00e1n nuevamente!!!!<br \/><\/span><\/p><\/div><div class=\"alert alert-success\"><p style=\"text-align: center;\"><span style=\"color: #3c763d;\">Yo estoy encantada con este lugar. Yo he llevado a mi perro Bruno. desde el 2009 y siempre regresa muy bien. Cansado porque juega con otros perros. Yo recomiendo ampliamente este lugar<br \/><\/span><\/p><\/div><div class=\"alert alert-success\"><p style=\"text-align: center;\"><span style=\"color: #3c763d;\">Una vez que adquir\u00ed a Pelusa la llevaba conmigo de viaje si era posible, pues no me gusta que los perros se queden encerrados en casa con el plato lleno de coquetas. Hasta que se dio la ocasi\u00f3n en que no pude llevarla y busqu\u00e9 en Morelia el lugar m\u00e1s adecuado para que tuviera los consentimientos que le doy en casa, sobre todo un lugar donde se la pasara bien y no estuviera encerrada o triste. MASCOTEL se ha convertido en la segunda casa de Pelusa, me doy cuenta que se la pasa bien no s\u00f3lo por las fotos, tambi\u00e9n regresa muy contenta y sin problema alguno. Si quieres a tu mascota en un ambiente adecuado, responsable y con gran sentido de cari\u00f1o humano, te recomiendo mucho este lugar, no hay otra mejor opci\u00f3n en la ciudad.<br \/><\/span><\/p><\/div><div class=\"alert alert-success\"><p style=\"text-align: center;\"><span style=\"color: #3c763d;\">\u00a1Me encant\u00f3! Muchas gracias por cuidar bien a mi Rocco. Puedo decir que not\u00e9 una gran diferencia de cuando dejaba a mi perro en pensi\u00f3n en una veterinaria y dejarlo aqu\u00ed en Mascotel. Lo recog\u00ed contento. Y es que si hace una gran diferencia que los peques puedan salir a jugar a los espacios que ah\u00ed tienen.<br \/><\/span><\/p><\/div><div class=\"alert alert-success\"><p style=\"text-align: center;\"><span style=\"color: #3c763d;\">Agradezco mucho su atenci\u00f3n v\u00eda Fb, siempre muy atentos y cordiales manteniendo la comunicaci\u00f3n mientras Nuru estaba en sus vacaciones con ustedes.<br \/><\/span><\/p><\/div><div class=\"alert alert-success\"><p style=\"text-align: center;\"><span style=\"color: #3c763d;\">Excelente servicio y muy buena la atenci\u00f3n, mis ni\u00f1as regreqn muy cansadas, pero porque se divierten mucho. Gracias<br \/><\/span><\/p><\/div><div class=\"alert alert-success\"><p style=\"text-align: center;\"><span style=\"color: #3c763d;\">Yo los felicito, porque uno no siempre sabe d\u00f3nde dejar a las mascotas, usualmente se quedan en casa, pero al ver lo servicios que ofrecen, y que nos permitan ver c\u00f3mo se la pasan compartiendo fotos en su p\u00e1gina de Facebook se me hace incre\u00edble. \u00a1Enhorabuena! Paola Mej\u00eda, Barack y Sasha<br \/><\/span><\/p><\/div><div class=\"alert alert-success\"><p style=\"text-align: center;\"><span style=\"color: #3c763d;\">Felicitaciones por estos primeros 14 a\u00f1os, que vengan muchos m\u00e1s.<br \/><\/span><\/p><\/div><div class=\"alert alert-success\"><p style=\"text-align: center;\"><span style=\"color: #3c763d;\">Muchas felicidades por el aniversario, el esfuerzo del trabajo se nota d\u00eda a d\u00eda, van mejorando mucho. Saludos.<br \/><\/span><\/p><\/div><div class=\"alert alert-success\"><p style=\"text-align: center;\"><span style=\"color: #3c763d;\"> Me gusta mucho como atienden a Pelusa, un excelente personal. El servicio personal al cliente es excelente, aunque me encuentre lejos siempre me la entregan bien y con todas las indicaciones que sugiero. Felicidades y que siga el proyecto en grande, Mascotel es un lugar en el que aprecian a las mascotas de una forma generosa y cari\u00f1osa. Son espectaculares!<br \/><\/span><\/p><\/div><div class=\"alert alert-success\"><p style=\"text-align: center;\"><span style=\"color: #3c763d;\"> Mis felicitaciones por la atenci\u00f3n que brindan y los cuidados a nuestras mascotas. El lugar est\u00e1 muy bien mantenido y limpio, lo cual impresiona positivamente.<br \/><\/span><\/p><\/div><div class=\"alert alert-success\"><p style=\"text-align: center;\"><span style=\"color: #3c763d;\"> Me encanta el concepto y me arrepiento de no haberlo conocido antes porque tuve que dejarla un par de veces en otra pensi\u00f3n donde por su estado de animo parec\u00eda que no la hab\u00edan cuidado de hecho la primera vez que la lleve a mascotel ella iba con miedo pero despues de la segunda ya ni me hace caso cuando llegamos solo quiere ir a jugar y disfrutar<br \/><\/span><\/p><\/div><div class=\"alert alert-success\"><p style=\"text-align: center;\"><span style=\"color: #3c763d;\"> \u00a1Qu\u00e9 bueno que existen! La confianza y cercan\u00eda que tienen Lula y Chara. Ojala sigan dando ese trato digno a estos seres, al final vulnerables. Siento confianza y recomiendo el servicio cada que me preguntan. Ana Moreno, Lula &amp; Charapity<br \/><\/span><\/p><\/div><div class=\"alert alert-success\"><p style=\"text-align: center;\"><span style=\"color: #3c763d;\"> No los tienen en jaulas como en otros lugares, hay espacios muy amplios para que puedan correr y jugar con otros perros. Son como vacaciones para ellos tambi\u00e9n. Llegan cansad\u00edsimos<br \/><\/span><\/p><\/div><div class=\"alert alert-success\"><p style=\"text-align: center;\"><span style=\"color: #3c763d;\"> los perros son libres y pueden jugar entre ellos y correr. Mis perros est\u00e1n acostumbrado a salir todos los d\u00edas a caminar con nosotros y ser\u00eda como una prisi\u00f3n el que los tuvieran en jaulas. Otra cosa que me gusto, fue que suben bastantes fotos al face y aunque uno este lejos puede estar viendo como se divierten y son felices. Se queda uno tranquilo, al saber que est\u00e1n jugando felices y que no pueden escaparse.<br \/><\/span><\/p><\/div><div class=\"alert alert-success\"><p style=\"text-align: center;\"><span style=\"color: #3c763d;\"> despu\u00e9s de una mala experiencia en otra pensi\u00f3n, supieron darme tranquilidad, recibirme con paciencia y mostrarme todo el lugar. A mis chicos lo que m\u00e1s les gusta es ir, ya que regresaron contentos, cansados y llenos de experiencias. Agustina Larra\u00f1aga, Iba y Chiquito<br \/><\/span><\/p><\/div><div class=\"alert alert-success\"><p style=\"text-align: center;\"><span style=\"color: #3c763d;\"> La atenci\u00f3n que le dan a mi mascota y que puedo irme con la tranquilidad de que esta bien cuidado convive y juega y lo puedo ver en fb. Juan Bosco, Haru<br \/><\/span><\/p><\/div><div class=\"alert alert-success\"><p style=\"text-align: center;\"><span style=\"color: #3c763d;\"> TRATAN MUY BIEN A MIS HIJOS PELUDOS, ESPECIALMENTE FERNANDO SE LLEVA MUY BIEN CON CHAKOTAY; ADEM\u00c1S DE QUE REGRESAN FELICES. Gladys Jim\u00e9nez, Kira y Chakotay<br \/><\/span><\/p><\/div><div class=\"alert alert-success\"><p style=\"text-align: center;\"><span style=\"color: #3c763d;\"> no est\u00e1n encerrados en espacios peque\u00f1os y pueden convivir con mas perros en espacio abierto para que corran. Isela Casillas. Neska y Yeika<br \/><\/span><\/p><\/div><div class=\"ht-heading\">\n\t\t<h3 class='ht-heading-title text-center id-15ae3a498e8cae21ef1070f18924ad92 ht-heading-line-off'>\u00bfDeseas Reservar? <\/h3><\/div>\n<\/div>\n<\/div>\n\n\t<\/div>\n<\/div>\n<div class=\"fw-main-row id-99e9fee839bd9fa0f3f093a327c0d6dd\"   >\n\t\t<div class=\"fw-container\">\n\t\t<div class=\"fw-row\">\n\t\n<div class=\"col-md-5 col-lg-5\"  >\n    <\/div>\n\n<div class=\"col-md-3 col-lg-3\"  >\n    \n<div id=\"ht-btn-a536ad21ef7a1e9ff6296f25d3ca3700\" class=\"box-button flw\">\n\t<a target=\"_blank\" href=\"http:\/\/ges-pet.appspot.com\/hotel\/reservas\/online\/HO-56399c79cb03f-52\/es\" class=\"ht-btn btn\">\n\t\t<i class=\"ht-btn-icon\"><\/i>Reserva\t<\/a>\n<\/div>\n<\/div>\n\n<div class=\"col-md-4 col-lg-4\"  >\n    <\/div>\n<\/div>\n\n<div class=\"fw-row\">\n\t\n<div class=\"fw-col-xs-12\"  >\n    \n\t<div class=\"fw-divider-space\" style=\"margin-top: 50px;\"><\/div>\n<\/div>\n<\/div>\n\n\t<\/div>\n<\/div>\n<\/p>","protected":false},"excerpt":{"rendered":"<p>Clientes felices y satisfechos Me encanta el concepto y me arrepiento de no haberlo conocido antes porque tuve que dejarla un par de veces en otra pensi\u00f3n donde por su estado de \u00e1nimo parec\u00eda que no la hab\u00edan cuidado de hecho la primera vez que la lleve a Mascotel ella iba con miedo pero despu\u00e9s&#8230;<\/p>","protected":false},"author":1,"featured_media":0,"parent":0,"menu_order":0,"comment_status":"closed","ping_status":"closed","template":"","meta":[],"_links":{"self":[{"href":"http:\/\/mascotel.com.mx\/en\/wp-json\/wp\/v2\/pages\/3452"}],"collection":[{"href":"http:\/\/mascotel.com.mx\/en\/wp-json\/wp\/v2\/pages"}],"about":[{"href":"http:\/\/mascotel.com.mx\/en\/wp-json\/wp\/v2\/types\/page"}],"author":[{"embeddable":true,"href":"http:\/\/mascotel.com.mx\/en\/wp-json\/wp\/v2\/users\/1"}],"replies":[{"embeddable":true,"href":"http:\/\/mascotel.com.mx\/en\/wp-json\/wp\/v2\/comments?post=3452"}],"version-history":[{"count":15,"href":"http:\/\/mascotel.com.mx\/en\/wp-json\/wp\/v2\/pages\/3452\/revisions"}],"predecessor-version":[{"id":3455,"href":"http:\/\/mascotel.com.mx\/en\/wp-json\/wp\/v2\/pages\/3452\/revisions\/3455"}],"wp:attachment":[{"href":"http:\/\/mascotel.com.mx\/en\/wp-json\/wp\/v2\/media?parent=3452"}],"curies":[{"name":"wp","href":"https:\/\/api.w.org\/{rel}","templated":true}]}}